{"id":442,"date":"2023-05-03T15:27:57","date_gmt":"2023-05-03T13:27:57","guid":{"rendered":"https:\/\/azkedia.fr\/?page_id=442"},"modified":"2024-10-28T17:07:19","modified_gmt":"2024-10-28T16:07:19","slug":"nos-activites","status":"publish","type":"page","link":"http:\/\/azkedia.fr\/index.php\/nos-activites\/","title":{"rendered":"Nos Activit\u00e9s"},"content":{"rendered":"\n\n\t<section class=\"section has-parallax\" id=\"section_1983476784\">\n\t\t<div class=\"section-bg fill\" data-parallax-container=\".section\" data-parallax-background data-parallax=\"-7\">\n\t\t\t<img loading=\"lazy\" decoding=\"async\" width=\"1920\" height=\"870\" src=\"http:\/\/azkedia.fr\/wp-content\/uploads\/2023\/06\/Supply-chain.jpg\" class=\"bg attachment-original size-original\" alt=\"INT\u00c9GRATIONS DE PRODUITS FINIS OU SEMI-FINIS - Nos activit\u00e9s- Azkedia\" \/>\t\t\t\t\t\t<div class=\"section-bg-overlay absolute fill\"><\/div>\n\t\t\t\n\n\t\t<\/div>\n\n\t\t\n\n\t\t<div class=\"section-content relative\">\n\t\t\t\n\n<div class=\"row\"  id=\"row-778744688\">\n\n\n\t<div id=\"col-1613374758\" class=\"col small-12 large-12\"  >\n\t\t\t\t<div class=\"col-inner text-shadow-3\"  >\n\t\t\t\n\t\t\t\n\n\t<div id=\"text-344152944\" class=\"text\">\n\t\t\n\n<h1>Activit\u00e9s<\/h1>\n\n\t\t\n<style>\n#text-344152944 {\n  font-size: 2.05rem;\n  text-align: center;\n  color: rgb(255,255,255);\n}\n#text-344152944 > * {\n  color: rgb(255,255,255);\n}\n<\/style>\n\t<\/div>\n\t\n\n\t\t<\/div>\n\t\t\t\t\t<\/div>\n\n\t\n\n<\/div>\n\n\t\t<\/div>\n\n\t\t\n<style>\n#section_1983476784 {\n  padding-top: 30px;\n  padding-bottom: 30px;\n  min-height: 350px;\n}\n#section_1983476784 .section-bg-overlay {\n  background-color: rgba(0, 0, 0, 0.273);\n}\n#section_1983476784 .section-bg img {\n  object-position: 48% 62%;\n}\n@media (min-width:550px) {\n  #section_1983476784 {\n    min-height: 450px;\n  }\n}\n@media (min-width:850px) {\n  #section_1983476784 {\n    min-height: 500px;\n  }\n}\n<\/style>\n\t<\/section>\n\t\n\n","protected":false},"excerpt":{"rendered":"","protected":false},"author":10,"featured_media":0,"parent":0,"menu_order":0,"comment_status":"closed","ping_status":"closed","template":"","meta":{"footnotes":""},"class_list":["post-442","page","type-page","status-publish","hentry"],"yoast_head":"<!-- This site is optimized with the Yoast SEO plugin v27.4 - https:\/\/yoast.com\/product\/yoast-seo-wordpress\/ -->\n<title>Nos Activit\u00e9s - Azkedia - Expert en syst\u00e8me \u00e9lectroniques<\/title>\n<meta name=\"description\" content=\"D\u00e9couvrez notre expertise en conception, prototypage et production d&#039;ensembles \u00e9lectroniques. Azkedia propose des solutions compl\u00e8tes et adapt\u00e9es pour accompagner vos projets technologiques, de l\u2019id\u00e9e initiale \u00e0 la production en s\u00e9rie.\" \/>\n<meta name=\"robots\" content=\"index, follow, max-snippet:-1, max-image-preview:large, max-video-preview:-1\" \/>\n<link rel=\"canonical\" href=\"https:\/\/azkedia.fr\/index.php\/nos-activites\/\" \/>\n<meta property=\"og:locale\" content=\"fr_FR\" \/>\n<meta property=\"og:type\" content=\"article\" \/>\n<meta property=\"og:title\" content=\"Nos Activit\u00e9s - Azkedia - Expert en syst\u00e8me \u00e9lectroniques\" \/>\n<meta property=\"og:description\" content=\"D\u00e9couvrez notre expertise en conception, prototypage et production d&#039;ensembles \u00e9lectroniques. Azkedia propose des solutions compl\u00e8tes et adapt\u00e9es pour accompagner vos projets technologiques, de l\u2019id\u00e9e initiale \u00e0 la production en s\u00e9rie.\" \/>\n<meta property=\"og:url\" content=\"https:\/\/azkedia.fr\/index.php\/nos-activites\/\" \/>\n<meta property=\"og:site_name\" content=\"Azkedia\" \/>\n<meta property=\"article:modified_time\" content=\"2024-10-28T16:07:19+00:00\" \/>\n<meta property=\"og:image\" content=\"http:\/\/azkedia.fr\/wp-content\/uploads\/2023\/05\/AZKEDIA_LOGO_2018.png\" \/>\n\t<meta property=\"og:image:width\" content=\"16930\" \/>\n\t<meta property=\"og:image:height\" content=\"3640\" \/>\n\t<meta property=\"og:image:type\" content=\"image\/png\" \/>\n<meta name=\"twitter:card\" content=\"summary_large_image\" \/>\n<meta name=\"twitter:label1\" content=\"Dur\u00e9e de lecture estim\u00e9e\" \/>\n\t<meta name=\"twitter:data1\" content=\"1 minute\" \/>\n<script type=\"application\/ld+json\" class=\"yoast-schema-graph\">{\"@context\":\"https:\\\/\\\/schema.org\",\"@graph\":[{\"@type\":\"WebPage\",\"@id\":\"https:\\\/\\\/azkedia.fr\\\/index.php\\\/nos-activites\\\/\",\"url\":\"https:\\\/\\\/azkedia.fr\\\/index.php\\\/nos-activites\\\/\",\"name\":\"Nos Activit\u00e9s - Azkedia - Expert en syst\u00e8me \u00e9lectroniques\",\"isPartOf\":{\"@id\":\"https:\\\/\\\/azkedia.fr\\\/#website\"},\"datePublished\":\"2023-05-03T13:27:57+00:00\",\"dateModified\":\"2024-10-28T16:07:19+00:00\",\"description\":\"D\u00e9couvrez notre expertise en conception, prototypage et production d'ensembles \u00e9lectroniques. Azkedia propose des solutions compl\u00e8tes et adapt\u00e9es pour accompagner vos projets technologiques, de l\u2019id\u00e9e initiale \u00e0 la production en s\u00e9rie.\",\"breadcrumb\":{\"@id\":\"https:\\\/\\\/azkedia.fr\\\/index.php\\\/nos-activites\\\/#breadcrumb\"},\"inLanguage\":\"fr-FR\",\"potentialAction\":[{\"@type\":\"ReadAction\",\"target\":[\"https:\\\/\\\/azkedia.fr\\\/index.php\\\/nos-activites\\\/\"]}]},{\"@type\":\"BreadcrumbList\",\"@id\":\"https:\\\/\\\/azkedia.fr\\\/index.php\\\/nos-activites\\\/#breadcrumb\",\"itemListElement\":[{\"@type\":\"ListItem\",\"position\":1,\"name\":\"Accueil\",\"item\":\"https:\\\/\\\/azkedia.fr\\\/\"},{\"@type\":\"ListItem\",\"position\":2,\"name\":\"Nos Activit\u00e9s\"}]},{\"@type\":\"WebSite\",\"@id\":\"https:\\\/\\\/azkedia.fr\\\/#website\",\"url\":\"https:\\\/\\\/azkedia.fr\\\/\",\"name\":\"Azkedia\",\"description\":\"Expert en syst\u00e8me \u00e9lectroniques\",\"publisher\":{\"@id\":\"https:\\\/\\\/azkedia.fr\\\/#organization\"},\"potentialAction\":[{\"@type\":\"SearchAction\",\"target\":{\"@type\":\"EntryPoint\",\"urlTemplate\":\"https:\\\/\\\/azkedia.fr\\\/?s={search_term_string}\"},\"query-input\":{\"@type\":\"PropertyValueSpecification\",\"valueRequired\":true,\"valueName\":\"search_term_string\"}}],\"inLanguage\":\"fr-FR\"},{\"@type\":\"Organization\",\"@id\":\"https:\\\/\\\/azkedia.fr\\\/#organization\",\"name\":\"Azkedia\",\"url\":\"https:\\\/\\\/azkedia.fr\\\/\",\"logo\":{\"@type\":\"ImageObject\",\"inLanguage\":\"fr-FR\",\"@id\":\"https:\\\/\\\/azkedia.fr\\\/#\\\/schema\\\/logo\\\/image\\\/\",\"url\":\"http:\\\/\\\/azkedia.fr\\\/wp-content\\\/uploads\\\/2023\\\/05\\\/AZKEDIA_LOGO_2018.png\",\"contentUrl\":\"http:\\\/\\\/azkedia.fr\\\/wp-content\\\/uploads\\\/2023\\\/05\\\/AZKEDIA_LOGO_2018.png\",\"width\":16930,\"height\":3640,\"caption\":\"Azkedia\"},\"image\":{\"@id\":\"https:\\\/\\\/azkedia.fr\\\/#\\\/schema\\\/logo\\\/image\\\/\"}}]}<\/script>\n<!-- \/ Yoast SEO plugin. -->","yoast_head_json":{"title":"Nos Activit\u00e9s - Azkedia - Expert en syst\u00e8me \u00e9lectroniques","description":"D\u00e9couvrez notre expertise en conception, prototypage et production d'ensembles \u00e9lectroniques. Azkedia propose des solutions compl\u00e8tes et adapt\u00e9es pour accompagner vos projets technologiques, de l\u2019id\u00e9e initiale \u00e0 la production en s\u00e9rie.","robots":{"index":"index","follow":"follow","max-snippet":"max-snippet:-1","max-image-preview":"max-image-preview:large","max-video-preview":"max-video-preview:-1"},"canonical":"https:\/\/azkedia.fr\/index.php\/nos-activites\/","og_locale":"fr_FR","og_type":"article","og_title":"Nos Activit\u00e9s - Azkedia - Expert en syst\u00e8me \u00e9lectroniques","og_description":"D\u00e9couvrez notre expertise en conception, prototypage et production d'ensembles \u00e9lectroniques. Azkedia propose des solutions compl\u00e8tes et adapt\u00e9es pour accompagner vos projets technologiques, de l\u2019id\u00e9e initiale \u00e0 la production en s\u00e9rie.","og_url":"https:\/\/azkedia.fr\/index.php\/nos-activites\/","og_site_name":"Azkedia","article_modified_time":"2024-10-28T16:07:19+00:00","og_image":[{"width":16930,"height":3640,"url":"http:\/\/azkedia.fr\/wp-content\/uploads\/2023\/05\/AZKEDIA_LOGO_2018.png","type":"image\/png"}],"twitter_card":"summary_large_image","twitter_misc":{"Dur\u00e9e de lecture estim\u00e9e":"1 minute"},"schema":{"@context":"https:\/\/schema.org","@graph":[{"@type":"WebPage","@id":"https:\/\/azkedia.fr\/index.php\/nos-activites\/","url":"https:\/\/azkedia.fr\/index.php\/nos-activites\/","name":"Nos Activit\u00e9s - Azkedia - Expert en syst\u00e8me \u00e9lectroniques","isPartOf":{"@id":"https:\/\/azkedia.fr\/#website"},"datePublished":"2023-05-03T13:27:57+00:00","dateModified":"2024-10-28T16:07:19+00:00","description":"D\u00e9couvrez notre expertise en conception, prototypage et production d'ensembles \u00e9lectroniques. Azkedia propose des solutions compl\u00e8tes et adapt\u00e9es pour accompagner vos projets technologiques, de l\u2019id\u00e9e initiale \u00e0 la production en s\u00e9rie.","breadcrumb":{"@id":"https:\/\/azkedia.fr\/index.php\/nos-activites\/#breadcrumb"},"inLanguage":"fr-FR","potentialAction":[{"@type":"ReadAction","target":["https:\/\/azkedia.fr\/index.php\/nos-activites\/"]}]},{"@type":"BreadcrumbList","@id":"https:\/\/azkedia.fr\/index.php\/nos-activites\/#breadcrumb","itemListElement":[{"@type":"ListItem","position":1,"name":"Accueil","item":"https:\/\/azkedia.fr\/"},{"@type":"ListItem","position":2,"name":"Nos Activit\u00e9s"}]},{"@type":"WebSite","@id":"https:\/\/azkedia.fr\/#website","url":"https:\/\/azkedia.fr\/","name":"Azkedia","description":"Expert en syst\u00e8me \u00e9lectroniques","publisher":{"@id":"https:\/\/azkedia.fr\/#organization"},"potentialAction":[{"@type":"SearchAction","target":{"@type":"EntryPoint","urlTemplate":"https:\/\/azkedia.fr\/?s={search_term_string}"},"query-input":{"@type":"PropertyValueSpecification","valueRequired":true,"valueName":"search_term_string"}}],"inLanguage":"fr-FR"},{"@type":"Organization","@id":"https:\/\/azkedia.fr\/#organization","name":"Azkedia","url":"https:\/\/azkedia.fr\/","logo":{"@type":"ImageObject","inLanguage":"fr-FR","@id":"https:\/\/azkedia.fr\/#\/schema\/logo\/image\/","url":"http:\/\/azkedia.fr\/wp-content\/uploads\/2023\/05\/AZKEDIA_LOGO_2018.png","contentUrl":"http:\/\/azkedia.fr\/wp-content\/uploads\/2023\/05\/AZKEDIA_LOGO_2018.png","width":16930,"height":3640,"caption":"Azkedia"},"image":{"@id":"https:\/\/azkedia.fr\/#\/schema\/logo\/image\/"}}]}},"_links":{"self":[{"href":"http:\/\/azkedia.fr\/index.php\/wp-json\/wp\/v2\/pages\/442","targetHints":{"allow":["GET"]}}],"collection":[{"href":"http:\/\/azkedia.fr\/index.php\/wp-json\/wp\/v2\/pages"}],"about":[{"href":"http:\/\/azkedia.fr\/index.php\/wp-json\/wp\/v2\/types\/page"}],"author":[{"embeddable":true,"href":"http:\/\/azkedia.fr\/index.php\/wp-json\/wp\/v2\/users\/10"}],"replies":[{"embeddable":true,"href":"http:\/\/azkedia.fr\/index.php\/wp-json\/wp\/v2\/comments?post=442"}],"version-history":[{"count":2,"href":"http:\/\/azkedia.fr\/index.php\/wp-json\/wp\/v2\/pages\/442\/revisions"}],"predecessor-version":[{"id":537,"href":"http:\/\/azkedia.fr\/index.php\/wp-json\/wp\/v2\/pages\/442\/revisions\/537"}],"wp:attachment":[{"href":"http:\/\/azkedia.fr\/index.php\/wp-json\/wp\/v2\/media?parent=442"}],"curies":[{"name":"wp","href":"https:\/\/api.w.org\/{rel}","templated":true}]}}