{"id":571,"date":"2023-06-16T16:17:48","date_gmt":"2023-06-16T14:17:48","guid":{"rendered":"https:\/\/azkedia.fr\/?page_id=571"},"modified":"2024-10-28T17:20:44","modified_gmt":"2024-10-28T16:20:44","slug":"partenaires","status":"publish","type":"page","link":"https:\/\/azkedia.fr\/index.php\/partenaires\/","title":{"rendered":"Partenaires"},"content":{"rendered":"\n\n\t<section class=\"section has-parallax\" id=\"section_429597622\">\n\t\t<div class=\"section-bg fill\" data-parallax-container=\".section\" data-parallax-background data-parallax=\"-7\">\n\t\t\t<img loading=\"lazy\" decoding=\"async\" width=\"1121\" height=\"2000\" src=\"https:\/\/azkedia.fr\/wp-content\/uploads\/2023\/05\/lars-kienle-r3pIy-3Xgmg-unsplash-scaled.jpg\" class=\"bg attachment-original size-original\" alt=\"\u00c9LECTRONIQUE ET C\u00e2bl\u00e2ge Filaire Haute Technologie - Azkedia\" \/>\t\t\t\t\t\t<div class=\"section-bg-overlay absolute fill\"><\/div>\n\t\t\t\n\n\t\t<\/div>\n\n\t\t\n\n\t\t<div class=\"section-content relative\">\n\t\t\t\n\n<div class=\"row\"  id=\"row-1551812495\">\n\n\n\t<div id=\"col-1649365944\" class=\"col small-12 large-12\"  >\n\t\t\t\t<div class=\"col-inner text-shadow-3\"  >\n\t\t\t\n\t\t\t\n\n\t<div id=\"text-2643986581\" class=\"text\">\n\t\t\n\n<h1 style=\"text-align: center;\">Partenaires<\/h1>\n\t\t\n<style>\n#text-2643986581 {\n  font-size: 1.85rem;\n  text-align: center;\n  color: rgb(255,255,255);\n}\n#text-2643986581 > * {\n  color: rgb(255,255,255);\n}\n<\/style>\n\t<\/div>\n\t\n\n\t\t<\/div>\n\t\t\t\t\t<\/div>\n\n\t\n\n<\/div>\n\n\t\t<\/div>\n\n\t\t\n<style>\n#section_429597622 {\n  padding-top: 30px;\n  padding-bottom: 30px;\n  min-height: 350px;\n}\n#section_429597622 .section-bg-overlay {\n  background-color: rgba(0, 0, 0, 0.273);\n}\n#section_429597622 .section-bg img {\n  object-position: 48% 62%;\n}\n@media (min-width:550px) {\n  #section_429597622 {\n    min-height: 450px;\n  }\n}\n@media (min-width:850px) {\n  #section_429597622 {\n    min-height: 550px;\n  }\n}\n<\/style>\n\t<\/section>\n\t\n\n\t<section class=\"section\" id=\"section_1283209493\">\n\t\t<div class=\"section-bg fill\" >\n\t\t\t\t\t\t\t\t\t\n\t\t\t\n\n\t\t<\/div>\n\n\t\t\n\n\t\t<div class=\"section-content relative\">\n\t\t\t\n\n<div class=\"row align-equal align-center\"  id=\"row-827345580\">\n\n\n\t<div id=\"col-1236553778\" class=\"col medium-3 small-6 large-3\"  >\n\t\t\t\t<div class=\"col-inner box-shadow-2 box-shadow-4-hover\"  >\n\t\t\t\n\t\t\t\n\n\t<div class=\"img has-hover x md-x lg-x y md-y lg-y\" id=\"image_1894675969\">\n\t\t<a class=\"\" href=\"https:\/\/www.angersfrenchtech.com\" target=\"_blank\" rel=\"noopener\" >\t\t\t\t\t\t<div class=\"img-inner dark\" >\n\t\t\t<img loading=\"lazy\" decoding=\"async\" width=\"500\" height=\"500\" src=\"https:\/\/azkedia.fr\/wp-content\/uploads\/2023\/06\/FrenchtechAngers-Partenaires.png\" class=\"attachment-original size-original\" alt=\"Logo FrenchtechAngers - Partenaires - Azkedia\" srcset=\"https:\/\/azkedia.fr\/wp-content\/uploads\/2023\/06\/FrenchtechAngers-Partenaires.png 500w, https:\/\/azkedia.fr\/wp-content\/uploads\/2023\/06\/FrenchtechAngers-Partenaires-300x300.png 300w, https:\/\/azkedia.fr\/wp-content\/uploads\/2023\/06\/FrenchtechAngers-Partenaires-150x150.png 150w\" sizes=\"auto, (max-width: 500px) 100vw, 500px\" \/>\t\t\t\t\t\t\n\t\t\t\t\t<\/div>\n\t\t\t\t\t\t<\/a>\t\t\n<style>\n#image_1894675969 {\n  width: 100%;\n}\n<\/style>\n\t<\/div>\n\t\n\n\n\t\t<\/div>\n\t\t\t\t\n<style>\n#col-1236553778 > .col-inner {\n  border-radius: 24px;\n}\n<\/style>\n\t<\/div>\n\n\t\n\n\t<div id=\"col-66036931\" class=\"col medium-3 small-6 large-3\"  >\n\t\t\t\t<div class=\"col-inner box-shadow-2 box-shadow-4-hover\"  >\n\t\t\t\n\t\t\t\n\n\t<div class=\"img has-hover x md-x lg-x y md-y lg-y\" id=\"image_606098143\">\n\t\t<a class=\"\" href=\"https:\/\/www.captronic.fr\" target=\"_blank\" rel=\"noopener\" >\t\t\t\t\t\t<div class=\"img-inner dark\" >\n\t\t\t<img loading=\"lazy\" decoding=\"async\" width=\"1301\" height=\"1227\" src=\"https:\/\/azkedia.fr\/wp-content\/uploads\/2023\/06\/logo_captronic_2017.png\" class=\"attachment-original size-original\" alt=\"Logo captronic - Partenaires - Azkedia\" srcset=\"https:\/\/azkedia.fr\/wp-content\/uploads\/2023\/06\/logo_captronic_2017.png 1301w, https:\/\/azkedia.fr\/wp-content\/uploads\/2023\/06\/logo_captronic_2017-300x283.png 300w, https:\/\/azkedia.fr\/wp-content\/uploads\/2023\/06\/logo_captronic_2017-1024x966.png 1024w, https:\/\/azkedia.fr\/wp-content\/uploads\/2023\/06\/logo_captronic_2017-768x724.png 768w\" sizes=\"auto, (max-width: 1301px) 100vw, 1301px\" \/>\t\t\t\t\t\t\n\t\t\t\t\t<\/div>\n\t\t\t\t\t\t<\/a>\t\t\n<style>\n#image_606098143 {\n  width: 100%;\n}\n<\/style>\n\t<\/div>\n\t\n\n\n\t\t<\/div>\n\t\t\t\t\n<style>\n#col-66036931 > .col-inner {\n  border-radius: 13px;\n}\n<\/style>\n\t<\/div>\n\n\t\n\n\t<div id=\"col-1042150087\" class=\"col medium-3 small-6 large-3\"  >\n\t\t\t\t<div class=\"col-inner box-shadow-2 box-shadow-4-hover\"  >\n\t\t\t\n\t\t\t\n\n\t<div class=\"img has-hover x md-x lg-x y md-y lg-y\" id=\"image_127640810\">\n\t\t<a class=\"\" href=\"https:\/\/www.pole-emc2.fr\" target=\"_blank\" rel=\"noopener\" >\t\t\t\t\t\t<div class=\"img-inner dark\" >\n\t\t\t<img loading=\"lazy\" decoding=\"async\" width=\"400\" height=\"400\" src=\"https:\/\/azkedia.fr\/wp-content\/uploads\/2023\/06\/On0ZC9wD_400x400.jpg\" class=\"attachment-original size-original\" alt=\"Logo Emc2 - Partenaires - Azkedia\" srcset=\"https:\/\/azkedia.fr\/wp-content\/uploads\/2023\/06\/On0ZC9wD_400x400.jpg 400w, https:\/\/azkedia.fr\/wp-content\/uploads\/2023\/06\/On0ZC9wD_400x400-300x300.jpg 300w, https:\/\/azkedia.fr\/wp-content\/uploads\/2023\/06\/On0ZC9wD_400x400-150x150.jpg 150w\" sizes=\"auto, (max-width: 400px) 100vw, 400px\" \/>\t\t\t\t\t\t\n\t\t\t\t\t<\/div>\n\t\t\t\t\t\t<\/a>\t\t\n<style>\n#image_127640810 {\n  width: 100%;\n}\n<\/style>\n\t<\/div>\n\t\n\n\n\t\t<\/div>\n\t\t\t\t\n<style>\n#col-1042150087 > .col-inner {\n  border-radius: 13px;\n}\n<\/style>\n\t<\/div>\n\n\t\n\n\t<div id=\"col-1608657610\" class=\"col medium-3 small-6 large-3\"  >\n\t\t\t\t<div class=\"col-inner text-center box-shadow-2 box-shadow-4-hover\"  >\n\t\t\t\n\t\t\t\n\n\t<div class=\"img has-hover x md-x lg-x y md-y lg-y\" id=\"image_96133157\">\n\t\t<a class=\"\" href=\"https:\/\/www.lafrenchfab.fr\" target=\"_blank\" rel=\"noopener\" >\t\t\t\t\t\t<div class=\"img-inner dark\" >\n\t\t\t<img loading=\"lazy\" decoding=\"async\" width=\"376\" height=\"351\" src=\"https:\/\/azkedia.fr\/wp-content\/uploads\/2023\/06\/logofrenchfab.png\" class=\"attachment-original size-original\" alt=\"Logo - frenchfab - Partenaires - Azkedia\" srcset=\"https:\/\/azkedia.fr\/wp-content\/uploads\/2023\/06\/logofrenchfab.png 376w, https:\/\/azkedia.fr\/wp-content\/uploads\/2023\/06\/logofrenchfab-300x280.png 300w\" sizes=\"auto, (max-width: 376px) 100vw, 376px\" \/>\t\t\t\t\t\t\n\t\t\t\t\t<\/div>\n\t\t\t\t\t\t<\/a>\t\t\n<style>\n#image_96133157 {\n  width: 83%;\n}\n<\/style>\n\t<\/div>\n\t\n\n\n\t\t<\/div>\n\t\t\t\t\n<style>\n#col-1608657610 > .col-inner {\n  padding: 20px 0px 0px 0px;\n  border-radius: 13px;\n}\n<\/style>\n\t<\/div>\n\n\t\n\n\t<div id=\"col-1466398781\" class=\"col medium-3 small-6 large-3\"  >\n\t\t\t\t<div class=\"col-inner box-shadow-2 box-shadow-4-hover\"  >\n\t\t\t\n\t\t\t\n\n\t<div class=\"img has-hover x md-x lg-x y md-y lg-y\" id=\"image_1766065977\">\n\t\t<a class=\"\" href=\"https:\/\/lafrenchtech.com\/fr\/\" target=\"_blank\" rel=\"noopener\" >\t\t\t\t\t\t<div class=\"img-inner dark\" >\n\t\t\t<img loading=\"lazy\" decoding=\"async\" width=\"500\" height=\"500\" src=\"https:\/\/azkedia.fr\/wp-content\/uploads\/2023\/06\/FrenchTech-Partenaires.png\" class=\"attachment-original size-original\" alt=\"Logo FrenchTech- Partenaires - Azkedia\" srcset=\"https:\/\/azkedia.fr\/wp-content\/uploads\/2023\/06\/FrenchTech-Partenaires.png 500w, https:\/\/azkedia.fr\/wp-content\/uploads\/2023\/06\/FrenchTech-Partenaires-300x300.png 300w, https:\/\/azkedia.fr\/wp-content\/uploads\/2023\/06\/FrenchTech-Partenaires-150x150.png 150w\" sizes=\"auto, (max-width: 500px) 100vw, 500px\" \/>\t\t\t\t\t\t\n\t\t\t\t\t<\/div>\n\t\t\t\t\t\t<\/a>\t\t\n<style>\n#image_1766065977 {\n  width: 100%;\n}\n<\/style>\n\t<\/div>\n\t\n\n\n\t\t<\/div>\n\t\t\t\t\n<style>\n#col-1466398781 > .col-inner {\n  border-radius: 13px;\n}\n<\/style>\n\t<\/div>\n\n\t\n\n\t<div id=\"col-965806224\" class=\"col medium-3 small-6 large-3\"  >\n\t\t\t\t<div class=\"col-inner box-shadow-2 box-shadow-4-hover\"  >\n\t\t\t\n\t\t\t\n\n\t<div class=\"img has-hover x md-x lg-x y md-y lg-y\" id=\"image_1785678351\">\n\t\t<a class=\"\" href=\"https:\/\/www.google.com\/url?sa=t&#038;rct=j&#038;q=&#038;esrc=s&#038;source=web&#038;cd=&#038;cad=rja&#038;uact=8&#038;ved=2ahUKEwjj6KKJ7M7_AhWzTaQEHQEQAkMQFnoECBAQAQ&#038;url=https%3A%2F%2Fwww.aerocontact.com%2Fentreprise-aeronautique%2Fsociete-ief-aero-2617%2Fpresentation&#038;usg=AOvVaw24D1YBBaXELyIWXi7P49zX&#038;opi=89978449\" target=\"_blank\" rel=\"noopener\" >\t\t\t\t\t\t<div class=\"img-inner dark\" >\n\t\t\t<img loading=\"lazy\" decoding=\"async\" width=\"500\" height=\"500\" src=\"https:\/\/azkedia.fr\/wp-content\/uploads\/2023\/06\/IEFAero-Partenaires.png\" class=\"attachment-original size-original\" alt=\"Logo IEFAero - Partenaires - Azkedia\" srcset=\"https:\/\/azkedia.fr\/wp-content\/uploads\/2023\/06\/IEFAero-Partenaires.png 500w, https:\/\/azkedia.fr\/wp-content\/uploads\/2023\/06\/IEFAero-Partenaires-300x300.png 300w, https:\/\/azkedia.fr\/wp-content\/uploads\/2023\/06\/IEFAero-Partenaires-150x150.png 150w\" sizes=\"auto, (max-width: 500px) 100vw, 500px\" \/>\t\t\t\t\t\t\n\t\t\t\t\t<\/div>\n\t\t\t\t\t\t<\/a>\t\t\n<style>\n#image_1785678351 {\n  width: 100%;\n}\n<\/style>\n\t<\/div>\n\t\n\n\n\t\t<\/div>\n\t\t\t\t\n<style>\n#col-965806224 > .col-inner {\n  border-radius: 13px;\n}\n<\/style>\n\t<\/div>\n\n\t\n\n\t<div id=\"col-898074741\" class=\"col medium-3 small-6 large-3\"  >\n\t\t\t\t<div class=\"col-inner box-shadow-2 box-shadow-4-hover\"  >\n\t\t\t\n\t\t\t\n\n\t<div class=\"img has-hover x md-x lg-x y md-y lg-y\" id=\"image_797507707\">\n\t\t<a class=\"\" href=\"https:\/\/www.google.com\/url?sa=t&#038;rct=j&#038;q=&#038;esrc=s&#038;source=web&#038;cd=&#038;cad=rja&#038;uact=8&#038;ved=2ahUKEwit2oLB7s7_AhWVUqQEHctvAgUQFnoECBAQAQ&#038;url=https%3A%2F%2Fwww.images-et-reseaux.com%2F&#038;usg=AOvVaw2dj_F_aLR_8xn6qW18YBP-&#038;opi=89978449\" target=\"_blank\" rel=\"noopener\" >\t\t\t\t\t\t<div class=\"img-inner dark\" >\n\t\t\t<img loading=\"lazy\" decoding=\"async\" width=\"425\" height=\"425\" src=\"https:\/\/azkedia.fr\/wp-content\/uploads\/2023\/06\/logo-ir-final.png\" class=\"attachment-original size-original\" alt=\"Logo Images &amp; R\u00e9seaux - Partenaires - Azkedia\" srcset=\"https:\/\/azkedia.fr\/wp-content\/uploads\/2023\/06\/logo-ir-final.png 425w, https:\/\/azkedia.fr\/wp-content\/uploads\/2023\/06\/logo-ir-final-300x300.png 300w, https:\/\/azkedia.fr\/wp-content\/uploads\/2023\/06\/logo-ir-final-150x150.png 150w\" sizes=\"auto, (max-width: 425px) 100vw, 425px\" \/>\t\t\t\t\t\t\n\t\t\t\t\t<\/div>\n\t\t\t\t\t\t<\/a>\t\t\n<style>\n#image_797507707 {\n  width: 100%;\n}\n<\/style>\n\t<\/div>\n\t\n\n\n\t\t<\/div>\n\t\t\t\t\n<style>\n#col-898074741 > .col-inner {\n  border-radius: 13px;\n}\n<\/style>\n\t<\/div>\n\n\t\n\n\t<div id=\"col-500749803\" class=\"col medium-3 small-6 large-3\"  >\n\t\t\t\t<div class=\"col-inner box-shadow-2 box-shadow-4-hover\"  >\n\t\t\t\n\t\t\t\n\n\t<div class=\"img has-hover x md-x lg-x y md-y lg-y\" id=\"image_75836034\">\n\t\t<a class=\"\" href=\"https:\/\/levillagebyca.com\" target=\"_blank\" rel=\"noopener\" >\t\t\t\t\t\t<div class=\"img-inner dark\" >\n\t\t\t<img loading=\"lazy\" decoding=\"async\" width=\"451\" height=\"400\" src=\"https:\/\/azkedia.fr\/wp-content\/uploads\/2023\/06\/village-ca-paris_0.jpg\" class=\"attachment-original size-original\" alt=\"Logo village-ca - Partenaires - Azkedia\" srcset=\"https:\/\/azkedia.fr\/wp-content\/uploads\/2023\/06\/village-ca-paris_0.jpg 451w, https:\/\/azkedia.fr\/wp-content\/uploads\/2023\/06\/village-ca-paris_0-300x266.jpg 300w\" sizes=\"auto, (max-width: 451px) 100vw, 451px\" \/>\t\t\t\t\t\t\n\t\t\t\t\t<\/div>\n\t\t\t\t\t\t<\/a>\t\t\n<style>\n#image_75836034 {\n  width: 100%;\n}\n<\/style>\n\t<\/div>\n\t\n\n\n\t\t<\/div>\n\t\t\t\t\n<style>\n#col-500749803 > .col-inner {\n  border-radius: 13px;\n}\n<\/style>\n\t<\/div>\n\n\t\n\n\t<div id=\"col-213125737\" class=\"col medium-3 small-6 large-3\"  >\n\t\t\t\t<div class=\"col-inner box-shadow-2 box-shadow-4-hover\"  >\n\t\t\t\n\t\t\t\n\n\t<div class=\"img has-hover x md-x lg-x y md-y lg-y\" id=\"image_185035404\">\n\t\t<a class=\"\" href=\"https:\/\/www.snese.com\/fr\/Accueil-4.html\" target=\"_blank\" rel=\"noopener\" >\t\t\t\t\t\t<div class=\"img-inner dark\" >\n\t\t\t<img loading=\"lazy\" decoding=\"async\" width=\"500\" height=\"500\" src=\"https:\/\/azkedia.fr\/wp-content\/uploads\/2023\/06\/Snese-Partenaires.png\" class=\"attachment-original size-original\" alt=\"Logo Snese - Partenaires - Azkedia\" srcset=\"https:\/\/azkedia.fr\/wp-content\/uploads\/2023\/06\/Snese-Partenaires.png 500w, https:\/\/azkedia.fr\/wp-content\/uploads\/2023\/06\/Snese-Partenaires-300x300.png 300w, https:\/\/azkedia.fr\/wp-content\/uploads\/2023\/06\/Snese-Partenaires-150x150.png 150w\" sizes=\"auto, (max-width: 500px) 100vw, 500px\" \/>\t\t\t\t\t\t\n\t\t\t\t\t<\/div>\n\t\t\t\t\t\t<\/a>\t\t\n<style>\n#image_185035404 {\n  width: 100%;\n}\n<\/style>\n\t<\/div>\n\t\n\n\n\t\t<\/div>\n\t\t\t\t\n<style>\n#col-213125737 > .col-inner {\n  border-radius: 13px;\n}\n<\/style>\n\t<\/div>\n\n\t\n\n\t<div id=\"col-1980442160\" class=\"col medium-3 small-6 large-3\"  >\n\t\t\t\t<div class=\"col-inner box-shadow-2 box-shadow-4-hover\"  >\n\t\t\t\n\t\t\t\n\n\t<div class=\"img has-hover x md-x lg-x y md-y lg-y\" id=\"image_1805549642\">\n\t\t<a class=\"\" href=\"https:\/\/www.space-aero.org\" target=\"_blank\" rel=\"noopener\" >\t\t\t\t\t\t<div class=\"img-inner dark\" >\n\t\t\t<img loading=\"lazy\" decoding=\"async\" width=\"500\" height=\"500\" src=\"https:\/\/azkedia.fr\/wp-content\/uploads\/2023\/06\/SpaceAreo-Partenaires.png\" class=\"attachment-original size-original\" alt=\"Logo SpaceAr\u00e9o - Partenaires - Azkedia\" srcset=\"https:\/\/azkedia.fr\/wp-content\/uploads\/2023\/06\/SpaceAreo-Partenaires.png 500w, https:\/\/azkedia.fr\/wp-content\/uploads\/2023\/06\/SpaceAreo-Partenaires-300x300.png 300w, https:\/\/azkedia.fr\/wp-content\/uploads\/2023\/06\/SpaceAreo-Partenaires-150x150.png 150w\" sizes=\"auto, (max-width: 500px) 100vw, 500px\" \/>\t\t\t\t\t\t\n\t\t\t\t\t<\/div>\n\t\t\t\t\t\t<\/a>\t\t\n<style>\n#image_1805549642 {\n  width: 100%;\n}\n<\/style>\n\t<\/div>\n\t\n\n\n\t\t<\/div>\n\t\t\t\t\n<style>\n#col-1980442160 > .col-inner {\n  border-radius: 13px;\n}\n<\/style>\n\t<\/div>\n\n\t\n\n\t<div id=\"col-459176906\" class=\"col medium-3 small-6 large-3\"  >\n\t\t\t\t<div class=\"col-inner box-shadow-2 box-shadow-4-hover\"  >\n\t\t\t\n\t\t\t\n\n\t<div class=\"img has-hover x md-x lg-x y md-y lg-y\" id=\"image_1708431423\">\n\t\t<a class=\"\" href=\"https:\/\/www.weforge.fr\/?fbclid=IwAR3sM8HKjKP_RaZ8tRtR6QUtD01YSErvYbQMBnRNXsMe2h2uLGwBr9HW1n4\" target=\"_blank\" rel=\"noopener\" >\t\t\t\t\t\t<div class=\"img-inner dark\" >\n\t\t\t<img loading=\"lazy\" decoding=\"async\" width=\"640\" height=\"640\" src=\"https:\/\/azkedia.fr\/wp-content\/uploads\/2023\/06\/161078820_164393835506550_4447989988206667166_n.jpg\" class=\"attachment-original size-original\" alt=\"Logo Weforge - Partenaires - Azkedia\" srcset=\"https:\/\/azkedia.fr\/wp-content\/uploads\/2023\/06\/161078820_164393835506550_4447989988206667166_n.jpg 640w, https:\/\/azkedia.fr\/wp-content\/uploads\/2023\/06\/161078820_164393835506550_4447989988206667166_n-300x300.jpg 300w, https:\/\/azkedia.fr\/wp-content\/uploads\/2023\/06\/161078820_164393835506550_4447989988206667166_n-150x150.jpg 150w\" sizes=\"auto, (max-width: 640px) 100vw, 640px\" \/>\t\t\t\t\t\t\n\t\t\t\t\t<\/div>\n\t\t\t\t\t\t<\/a>\t\t\n<style>\n#image_1708431423 {\n  width: 100%;\n}\n<\/style>\n\t<\/div>\n\t\n\n\n\t\t<\/div>\n\t\t\t\t\n<style>\n#col-459176906 > .col-inner {\n  border-radius: 13px;\n}\n<\/style>\n\t<\/div>\n\n\t\n\n<\/div>\n\n\t\t<\/div>\n\n\t\t\n<style>\n#section_1283209493 {\n  padding-top: 60px;\n  padding-bottom: 60px;\n}\n<\/style>\n\t<\/section>\n\t\n\n","protected":false},"excerpt":{"rendered":"","protected":false},"author":10,"featured_media":583,"parent":0,"menu_order":0,"comment_status":"closed","ping_status":"closed","template":"","meta":{"footnotes":""},"class_list":["post-571","page","type-page","status-publish","has-post-thumbnail","hentry"],"yoast_head":"<!-- This site is optimized with the Yoast SEO plugin v27.4 - https:\/\/yoast.com\/product\/yoast-seo-wordpress\/ -->\n<title>Partenaires - Azkedia - Expert en syst\u00e8me \u00e9lectroniques<\/title>\n<meta name=\"description\" content=\"D\u00e9couvrez notre r\u00e9seau de partenaires strat\u00e9giques qui soutiennent notre expertise en solutions \u00e9lectroniques. Azkedia collabore avec des leaders de divers secteurs pour renforcer l\u2019innovation et offrir des services de qualit\u00e9 \u00e0 ses clients.\" \/>\n<meta name=\"robots\" content=\"index, follow, max-snippet:-1, max-image-preview:large, max-video-preview:-1\" \/>\n<link rel=\"canonical\" href=\"https:\/\/azkedia.fr\/index.php\/partenaires\/\" \/>\n<meta property=\"og:locale\" content=\"fr_FR\" \/>\n<meta property=\"og:type\" content=\"article\" \/>\n<meta property=\"og:title\" content=\"Partenaires - Azkedia - Expert en syst\u00e8me \u00e9lectroniques\" \/>\n<meta property=\"og:description\" content=\"D\u00e9couvrez notre r\u00e9seau de partenaires strat\u00e9giques qui soutiennent notre expertise en solutions \u00e9lectroniques. Azkedia collabore avec des leaders de divers secteurs pour renforcer l\u2019innovation et offrir des services de qualit\u00e9 \u00e0 ses clients.\" \/>\n<meta property=\"og:url\" content=\"https:\/\/azkedia.fr\/index.php\/partenaires\/\" \/>\n<meta property=\"og:site_name\" content=\"Azkedia\" \/>\n<meta property=\"article:modified_time\" content=\"2024-10-28T16:20:44+00:00\" \/>\n<meta property=\"og:image\" content=\"https:\/\/azkedia.fr\/wp-content\/uploads\/2023\/06\/FrenchTech-Partenaires.png\" \/>\n\t<meta property=\"og:image:width\" content=\"500\" \/>\n\t<meta property=\"og:image:height\" content=\"500\" \/>\n\t<meta property=\"og:image:type\" content=\"image\/png\" \/>\n<meta name=\"twitter:card\" content=\"summary_large_image\" \/>\n<meta name=\"twitter:label1\" content=\"Dur\u00e9e de lecture estim\u00e9e\" \/>\n\t<meta name=\"twitter:data1\" content=\"2 minutes\" \/>\n<script type=\"application\/ld+json\" class=\"yoast-schema-graph\">{\"@context\":\"https:\\\/\\\/schema.org\",\"@graph\":[{\"@type\":\"WebPage\",\"@id\":\"https:\\\/\\\/azkedia.fr\\\/index.php\\\/partenaires\\\/\",\"url\":\"https:\\\/\\\/azkedia.fr\\\/index.php\\\/partenaires\\\/\",\"name\":\"Partenaires - Azkedia - Expert en syst\u00e8me \u00e9lectroniques\",\"isPartOf\":{\"@id\":\"https:\\\/\\\/azkedia.fr\\\/#website\"},\"primaryImageOfPage\":{\"@id\":\"https:\\\/\\\/azkedia.fr\\\/index.php\\\/partenaires\\\/#primaryimage\"},\"image\":{\"@id\":\"https:\\\/\\\/azkedia.fr\\\/index.php\\\/partenaires\\\/#primaryimage\"},\"thumbnailUrl\":\"https:\\\/\\\/azkedia.fr\\\/wp-content\\\/uploads\\\/2023\\\/06\\\/FrenchTech-Partenaires.png\",\"datePublished\":\"2023-06-16T14:17:48+00:00\",\"dateModified\":\"2024-10-28T16:20:44+00:00\",\"description\":\"D\u00e9couvrez notre r\u00e9seau de partenaires strat\u00e9giques qui soutiennent notre expertise en solutions \u00e9lectroniques. Azkedia collabore avec des leaders de divers secteurs pour renforcer l\u2019innovation et offrir des services de qualit\u00e9 \u00e0 ses clients.\",\"breadcrumb\":{\"@id\":\"https:\\\/\\\/azkedia.fr\\\/index.php\\\/partenaires\\\/#breadcrumb\"},\"inLanguage\":\"fr-FR\",\"potentialAction\":[{\"@type\":\"ReadAction\",\"target\":[\"https:\\\/\\\/azkedia.fr\\\/index.php\\\/partenaires\\\/\"]}]},{\"@type\":\"ImageObject\",\"inLanguage\":\"fr-FR\",\"@id\":\"https:\\\/\\\/azkedia.fr\\\/index.php\\\/partenaires\\\/#primaryimage\",\"url\":\"https:\\\/\\\/azkedia.fr\\\/wp-content\\\/uploads\\\/2023\\\/06\\\/FrenchTech-Partenaires.png\",\"contentUrl\":\"https:\\\/\\\/azkedia.fr\\\/wp-content\\\/uploads\\\/2023\\\/06\\\/FrenchTech-Partenaires.png\",\"width\":500,\"height\":500,\"caption\":\"Logo FrenchTech- Partenaires - Azkedia\"},{\"@type\":\"BreadcrumbList\",\"@id\":\"https:\\\/\\\/azkedia.fr\\\/index.php\\\/partenaires\\\/#breadcrumb\",\"itemListElement\":[{\"@type\":\"ListItem\",\"position\":1,\"name\":\"Accueil\",\"item\":\"https:\\\/\\\/azkedia.fr\\\/\"},{\"@type\":\"ListItem\",\"position\":2,\"name\":\"Partenaires\"}]},{\"@type\":\"WebSite\",\"@id\":\"https:\\\/\\\/azkedia.fr\\\/#website\",\"url\":\"https:\\\/\\\/azkedia.fr\\\/\",\"name\":\"Azkedia\",\"description\":\"Expert en syst\u00e8me \u00e9lectroniques\",\"publisher\":{\"@id\":\"https:\\\/\\\/azkedia.fr\\\/#organization\"},\"potentialAction\":[{\"@type\":\"SearchAction\",\"target\":{\"@type\":\"EntryPoint\",\"urlTemplate\":\"https:\\\/\\\/azkedia.fr\\\/?s={search_term_string}\"},\"query-input\":{\"@type\":\"PropertyValueSpecification\",\"valueRequired\":true,\"valueName\":\"search_term_string\"}}],\"inLanguage\":\"fr-FR\"},{\"@type\":\"Organization\",\"@id\":\"https:\\\/\\\/azkedia.fr\\\/#organization\",\"name\":\"Azkedia\",\"url\":\"https:\\\/\\\/azkedia.fr\\\/\",\"logo\":{\"@type\":\"ImageObject\",\"inLanguage\":\"fr-FR\",\"@id\":\"https:\\\/\\\/azkedia.fr\\\/#\\\/schema\\\/logo\\\/image\\\/\",\"url\":\"http:\\\/\\\/azkedia.fr\\\/wp-content\\\/uploads\\\/2023\\\/05\\\/AZKEDIA_LOGO_2018.png\",\"contentUrl\":\"http:\\\/\\\/azkedia.fr\\\/wp-content\\\/uploads\\\/2023\\\/05\\\/AZKEDIA_LOGO_2018.png\",\"width\":16930,\"height\":3640,\"caption\":\"Azkedia\"},\"image\":{\"@id\":\"https:\\\/\\\/azkedia.fr\\\/#\\\/schema\\\/logo\\\/image\\\/\"}}]}<\/script>\n<!-- \/ Yoast SEO plugin. -->","yoast_head_json":{"title":"Partenaires - Azkedia - Expert en syst\u00e8me \u00e9lectroniques","description":"D\u00e9couvrez notre r\u00e9seau de partenaires strat\u00e9giques qui soutiennent notre expertise en solutions \u00e9lectroniques. Azkedia collabore avec des leaders de divers secteurs pour renforcer l\u2019innovation et offrir des services de qualit\u00e9 \u00e0 ses clients.","robots":{"index":"index","follow":"follow","max-snippet":"max-snippet:-1","max-image-preview":"max-image-preview:large","max-video-preview":"max-video-preview:-1"},"canonical":"https:\/\/azkedia.fr\/index.php\/partenaires\/","og_locale":"fr_FR","og_type":"article","og_title":"Partenaires - Azkedia - Expert en syst\u00e8me \u00e9lectroniques","og_description":"D\u00e9couvrez notre r\u00e9seau de partenaires strat\u00e9giques qui soutiennent notre expertise en solutions \u00e9lectroniques. Azkedia collabore avec des leaders de divers secteurs pour renforcer l\u2019innovation et offrir des services de qualit\u00e9 \u00e0 ses clients.","og_url":"https:\/\/azkedia.fr\/index.php\/partenaires\/","og_site_name":"Azkedia","article_modified_time":"2024-10-28T16:20:44+00:00","og_image":[{"width":500,"height":500,"url":"https:\/\/azkedia.fr\/wp-content\/uploads\/2023\/06\/FrenchTech-Partenaires.png","type":"image\/png"}],"twitter_card":"summary_large_image","twitter_misc":{"Dur\u00e9e de lecture estim\u00e9e":"2 minutes"},"schema":{"@context":"https:\/\/schema.org","@graph":[{"@type":"WebPage","@id":"https:\/\/azkedia.fr\/index.php\/partenaires\/","url":"https:\/\/azkedia.fr\/index.php\/partenaires\/","name":"Partenaires - Azkedia - Expert en syst\u00e8me \u00e9lectroniques","isPartOf":{"@id":"https:\/\/azkedia.fr\/#website"},"primaryImageOfPage":{"@id":"https:\/\/azkedia.fr\/index.php\/partenaires\/#primaryimage"},"image":{"@id":"https:\/\/azkedia.fr\/index.php\/partenaires\/#primaryimage"},"thumbnailUrl":"https:\/\/azkedia.fr\/wp-content\/uploads\/2023\/06\/FrenchTech-Partenaires.png","datePublished":"2023-06-16T14:17:48+00:00","dateModified":"2024-10-28T16:20:44+00:00","description":"D\u00e9couvrez notre r\u00e9seau de partenaires strat\u00e9giques qui soutiennent notre expertise en solutions \u00e9lectroniques. Azkedia collabore avec des leaders de divers secteurs pour renforcer l\u2019innovation et offrir des services de qualit\u00e9 \u00e0 ses clients.","breadcrumb":{"@id":"https:\/\/azkedia.fr\/index.php\/partenaires\/#breadcrumb"},"inLanguage":"fr-FR","potentialAction":[{"@type":"ReadAction","target":["https:\/\/azkedia.fr\/index.php\/partenaires\/"]}]},{"@type":"ImageObject","inLanguage":"fr-FR","@id":"https:\/\/azkedia.fr\/index.php\/partenaires\/#primaryimage","url":"https:\/\/azkedia.fr\/wp-content\/uploads\/2023\/06\/FrenchTech-Partenaires.png","contentUrl":"https:\/\/azkedia.fr\/wp-content\/uploads\/2023\/06\/FrenchTech-Partenaires.png","width":500,"height":500,"caption":"Logo FrenchTech- Partenaires - Azkedia"},{"@type":"BreadcrumbList","@id":"https:\/\/azkedia.fr\/index.php\/partenaires\/#breadcrumb","itemListElement":[{"@type":"ListItem","position":1,"name":"Accueil","item":"https:\/\/azkedia.fr\/"},{"@type":"ListItem","position":2,"name":"Partenaires"}]},{"@type":"WebSite","@id":"https:\/\/azkedia.fr\/#website","url":"https:\/\/azkedia.fr\/","name":"Azkedia","description":"Expert en syst\u00e8me \u00e9lectroniques","publisher":{"@id":"https:\/\/azkedia.fr\/#organization"},"potentialAction":[{"@type":"SearchAction","target":{"@type":"EntryPoint","urlTemplate":"https:\/\/azkedia.fr\/?s={search_term_string}"},"query-input":{"@type":"PropertyValueSpecification","valueRequired":true,"valueName":"search_term_string"}}],"inLanguage":"fr-FR"},{"@type":"Organization","@id":"https:\/\/azkedia.fr\/#organization","name":"Azkedia","url":"https:\/\/azkedia.fr\/","logo":{"@type":"ImageObject","inLanguage":"fr-FR","@id":"https:\/\/azkedia.fr\/#\/schema\/logo\/image\/","url":"http:\/\/azkedia.fr\/wp-content\/uploads\/2023\/05\/AZKEDIA_LOGO_2018.png","contentUrl":"http:\/\/azkedia.fr\/wp-content\/uploads\/2023\/05\/AZKEDIA_LOGO_2018.png","width":16930,"height":3640,"caption":"Azkedia"},"image":{"@id":"https:\/\/azkedia.fr\/#\/schema\/logo\/image\/"}}]}},"_links":{"self":[{"href":"https:\/\/azkedia.fr\/index.php\/wp-json\/wp\/v2\/pages\/571","targetHints":{"allow":["GET"]}}],"collection":[{"href":"https:\/\/azkedia.fr\/index.php\/wp-json\/wp\/v2\/pages"}],"about":[{"href":"https:\/\/azkedia.fr\/index.php\/wp-json\/wp\/v2\/types\/page"}],"author":[{"embeddable":true,"href":"https:\/\/azkedia.fr\/index.php\/wp-json\/wp\/v2\/users\/10"}],"replies":[{"embeddable":true,"href":"https:\/\/azkedia.fr\/index.php\/wp-json\/wp\/v2\/comments?post=571"}],"version-history":[{"count":9,"href":"https:\/\/azkedia.fr\/index.php\/wp-json\/wp\/v2\/pages\/571\/revisions"}],"predecessor-version":[{"id":764,"href":"https:\/\/azkedia.fr\/index.php\/wp-json\/wp\/v2\/pages\/571\/revisions\/764"}],"wp:featuredmedia":[{"embeddable":true,"href":"https:\/\/azkedia.fr\/index.php\/wp-json\/wp\/v2\/media\/583"}],"wp:attachment":[{"href":"https:\/\/azkedia.fr\/index.php\/wp-json\/wp\/v2\/media?parent=571"}],"curies":[{"name":"wp","href":"https:\/\/api.w.org\/{rel}","templated":true}]}}